{"id":11171,"date":"2026-01-27T14:04:31","date_gmt":"2026-01-27T13:04:31","guid":{"rendered":"https:\/\/ffmc76.fr\/?page_id=11171"},"modified":"2026-01-27T14:10:17","modified_gmt":"2026-01-27T13:10:17","slug":"politique-de-confidentialite-2","status":"publish","type":"page","link":"https:\/\/ffmc76.fr\/index.php\/politique-de-confidentialite-2\/","title":{"rendered":"Politique de confidentialit\u00e9"},"content":{"rendered":"\n<h2 class=\"wp-block-heading\">Qui sommes-nous ?<\/h2>\n\n\n\n<p>Le site <a><strong>http:\/\/ffmc76.fr<\/strong><\/a> est un site d\u2019information et d\u2019expression de la <strong>F\u00e9d\u00e9ration Fran\u00e7aise des Motards en Col\u00e8re \u2013 antenne de Seine-Maritime (FFMC 76)<\/strong>.<\/p>\n\n\n\n<p><strong>Responsable du traitement des donn\u00e9es<\/strong><br>F\u00e9d\u00e9ration Fran\u00e7aise des Motards en Col\u00e8re \u2013 FFMC 76<br>9 rue Jacques LELIEUR &#8211; 76000 ROUEN<br>Adresse e-mail : site.ffmc76@gmail.com<\/p>\n\n\n\n<p>La FFMC 76 est une association loi 1901 \u0153uvrant pour la d\u00e9fense des droits et des int\u00e9r\u00eats des usagers de deux-roues motoris\u00e9s.<\/p>\n\n\n\n<hr class=\"wp-block-separator has-alpha-channel-opacity\"\/>\n\n\n\n<h2 class=\"wp-block-heading\">Utilisation des donn\u00e9es personnelles collect\u00e9es<\/h2>\n\n\n\n<p>La FFMC 76 collecte uniquement les donn\u00e9es personnelles strictement n\u00e9cessaires au fonctionnement du site et \u00e0 la gestion des \u00e9changes avec les internautes. Aucune donn\u00e9e personnelle n\u2019est utilis\u00e9e \u00e0 des fins commerciales ni c\u00e9d\u00e9e \u00e0 des tiers.<\/p>\n\n\n\n<hr class=\"wp-block-separator has-alpha-channel-opacity\"\/>\n\n\n\n<h2 class=\"wp-block-heading\">Commentaires<\/h2>\n\n\n\n<p>Lorsque vous laissez un commentaire sur notre site, les donn\u00e9es renseign\u00e9es dans le formulaire de commentaire, ainsi que votre adresse IP et l\u2019agent utilisateur de votre navigateur, sont collect\u00e9es afin d\u2019aider \u00e0 la d\u00e9tection des commentaires ind\u00e9sirables.<\/p>\n\n\n\n<p>Une cha\u00eene anonymis\u00e9e cr\u00e9\u00e9e \u00e0 partir de votre adresse de messagerie (hash) peut \u00eatre envoy\u00e9e au service <strong>Gravatar<\/strong> afin de v\u00e9rifier si vous utilisez ce service. Les clauses de confidentialit\u00e9 de Gravatar sont disponibles \u00e0 l\u2019adresse suivante : <a>https:\/\/automattic.com\/privacy\/<\/a>.<\/p>\n\n\n\n<p>Apr\u00e8s validation de votre commentaire, votre photo de profil (le cas \u00e9ch\u00e9ant) sera visible publiquement \u00e0 c\u00f4t\u00e9 de celui-ci.<\/p>\n\n\n\n<hr class=\"wp-block-separator has-alpha-channel-opacity\"\/>\n\n\n\n<h2 class=\"wp-block-heading\">M\u00e9dias<\/h2>\n\n\n\n<p>Si vous \u00eates un utilisateur ou une utilisatrice enregistr\u00e9\u00b7e et que vous t\u00e9l\u00e9versez des images sur le site, nous vous conseillons d\u2019\u00e9viter de t\u00e9l\u00e9verser des images contenant des donn\u00e9es EXIF de coordonn\u00e9es GPS. Les visiteurs du site peuvent en effet t\u00e9l\u00e9charger et extraire ces donn\u00e9es de localisation \u00e0 partir des images publi\u00e9es.<\/p>\n\n\n\n<hr class=\"wp-block-separator has-alpha-channel-opacity\"\/>\n\n\n\n<h2 class=\"wp-block-heading\">Formulaires de contact<\/h2>\n\n\n\n<p>Lorsque vous utilisez un formulaire de contact, les informations transmises sont utilis\u00e9es uniquement pour r\u00e9pondre \u00e0 votre demande et ne sont pas conserv\u00e9es au-del\u00e0 du temps n\u00e9cessaire au traitement de celle-ci, sauf obligation l\u00e9gale contraire.<\/p>\n\n\n\n<hr class=\"wp-block-separator has-alpha-channel-opacity\"\/>\n\n\n\n<h2 class=\"wp-block-heading\">Cookies<\/h2>\n\n\n\n<p>Le site utilise des cookies n\u00e9cessaires \u00e0 son bon fonctionnement ainsi que, le cas \u00e9ch\u00e9ant, des cookies soumis \u00e0 votre consentement.<\/p>\n\n\n\n<p>La gestion des cookies et de votre consentement est assur\u00e9e par l\u2019outil <strong>Complianz<\/strong>, conform\u00e9ment \u00e0 la r\u00e9glementation en vigueur.<\/p>\n\n\n\n<h3 class=\"wp-block-heading\">Cookies li\u00e9s aux commentaires<\/h3>\n\n\n\n<p>Si vous d\u00e9posez un commentaire sur le site, il vous sera propos\u00e9 d\u2019enregistrer votre nom, votre adresse de messagerie et votre site web dans des cookies. Ces cookies sont destin\u00e9s uniquement \u00e0 votre confort afin de ne pas avoir \u00e0 ressaisir ces informations lors d\u2019un commentaire ult\u00e9rieur. Ils expirent au bout d\u2019un an.<\/p>\n\n\n\n<h3 class=\"wp-block-heading\">Cookies li\u00e9s \u00e0 la connexion<\/h3>\n\n\n\n<p>Si vous disposez d\u2019un compte et que vous vous connectez sur le site, un cookie temporaire est cr\u00e9\u00e9 afin de d\u00e9terminer si votre navigateur accepte les cookies. Il ne contient aucune donn\u00e9e personnelle et est supprim\u00e9 \u00e0 la fermeture de votre navigateur.<\/p>\n\n\n\n<p>Lors de la connexion, plusieurs cookies sont mis en place pour enregistrer vos informations de connexion et vos pr\u00e9f\u00e9rences d\u2019affichage. La dur\u00e9e de vie d\u2019un cookie de connexion est de deux jours, celle d\u2019un cookie de pr\u00e9f\u00e9rence d\u2019\u00e9cran est d\u2019un an. Si vous cochez \u00ab Se souvenir de moi \u00bb, votre cookie de connexion est conserv\u00e9 pendant deux semaines. Lors de la d\u00e9connexion, le cookie de connexion est supprim\u00e9.<\/p>\n\n\n\n<p>Lors de la modification ou de la publication d\u2019un article, un cookie suppl\u00e9mentaire est enregistr\u00e9 dans votre navigateur. Il ne contient aucune donn\u00e9e personnelle et expire au bout d\u2019un jour.<\/p>\n\n\n\n<hr class=\"wp-block-separator has-alpha-channel-opacity\"\/>\n\n\n\n<h2 class=\"wp-block-heading\">Contenu embarqu\u00e9 depuis d\u2019autres sites<\/h2>\n\n\n\n<p>Les articles du site peuvent inclure des contenus int\u00e9gr\u00e9s (par exemple des vid\u00e9os, images ou articles). Le contenu int\u00e9gr\u00e9 depuis d\u2019autres sites se comporte de la m\u00eame mani\u00e8re que si le visiteur se rendait directement sur ces sites.<\/p>\n\n\n\n<p>Ces sites web tiers peuvent collecter des donn\u00e9es vous concernant, utiliser des cookies ou embarquer des outils de suivi, notamment si vous disposez d\u2019un compte connect\u00e9 sur leur plateforme.<\/p>\n\n\n\n<hr class=\"wp-block-separator has-alpha-channel-opacity\"\/>\n\n\n\n<h2 class=\"wp-block-heading\">Statistiques et mesures d\u2019audience<\/h2>\n\n\n\n<p>Le site peut utiliser un outil de mesure d\u2019audience configur\u00e9 de mani\u00e8re \u00e0 respecter la vie priv\u00e9e des visiteurs, notamment par l\u2019anonymisation des adresses IP et, lorsque cela est possible, sans d\u00e9p\u00f4t de cookies soumis \u00e0 consentement.<\/p>\n\n\n\n<hr class=\"wp-block-separator has-alpha-channel-opacity\"\/>\n\n\n\n<h2 class=\"wp-block-heading\">Utilisation et transmission de vos donn\u00e9es personnelles<\/h2>\n\n\n\n<p>Les donn\u00e9es personnelles collect\u00e9es via le site sont utilis\u00e9es exclusivement dans le cadre des activit\u00e9s de la FFMC 76 et ne font l\u2019objet d\u2019aucune transmission \u00e0 des tiers, en dehors des services techniques strictement n\u00e9cessaires au fonctionnement du site (h\u00e9bergement, protection contre les commentaires ind\u00e9sirables).<\/p>\n\n\n\n<hr class=\"wp-block-separator has-alpha-channel-opacity\"\/>\n\n\n\n<h2 class=\"wp-block-heading\">Dur\u00e9es de stockage de vos donn\u00e9es<\/h2>\n\n\n\n<p>Les commentaires et leurs m\u00e9tadonn\u00e9es sont conserv\u00e9s tant que le contenu reste publi\u00e9 sur le site, sauf demande de suppression de votre part.<\/p>\n\n\n\n<p>Pour les utilisateurs et utilisatrices qui s\u2019enregistrent sur le site (le cas \u00e9ch\u00e9ant), les donn\u00e9es personnelles indiqu\u00e9es dans le profil sont conserv\u00e9es tant que le compte est actif. Chaque utilisateur peut consulter, modifier ou supprimer ses informations personnelles \u00e0 tout moment, \u00e0 l\u2019exception de son identifiant.<\/p>\n\n\n\n<hr class=\"wp-block-separator has-alpha-channel-opacity\"\/>\n\n\n\n<h2 class=\"wp-block-heading\">Les droits que vous avez sur vos donn\u00e9es<\/h2>\n\n\n\n<p>Conform\u00e9ment \u00e0 la r\u00e9glementation applicable, vous disposez des droits suivants concernant vos donn\u00e9es personnelles :<\/p>\n\n\n\n<ul class=\"wp-block-list\">\n<li>droit d\u2019acc\u00e8s,<\/li>\n\n\n\n<li>droit de rectification,<\/li>\n\n\n\n<li>droit \u00e0 l\u2019effacement,<\/li>\n\n\n\n<li>droit \u00e0 la limitation du traitement,<\/li>\n\n\n\n<li>droit d\u2019opposition,<\/li>\n\n\n\n<li>droit \u00e0 la portabilit\u00e9 des donn\u00e9es.<\/li>\n<\/ul>\n\n\n\n<p>Si vous avez un compte sur le site ou si vous avez laiss\u00e9 des commentaires, vous pouvez demander \u00e0 recevoir un fichier contenant l\u2019ensemble des donn\u00e9es personnelles vous concernant ou demander leur suppression, sous r\u00e9serve des obligations l\u00e9gales, administratives ou de s\u00e9curit\u00e9.<\/p>\n\n\n\n<p>Toute demande peut \u00eatre adress\u00e9e par e-mail \u00e0 l\u2019adresse de contact indiqu\u00e9e ci-dessus.<\/p>\n\n\n\n<hr class=\"wp-block-separator has-alpha-channel-opacity\"\/>\n\n\n\n<h2 class=\"wp-block-heading\">Transmission de vos donn\u00e9es personnelles<\/h2>\n\n\n\n<p>Les commentaires des visiteurs peuvent \u00eatre v\u00e9rifi\u00e9s \u00e0 l\u2019aide d\u2019un service automatis\u00e9 de d\u00e9tection des commentaires ind\u00e9sirables.<\/p>\n\n\n\n<hr class=\"wp-block-separator has-alpha-channel-opacity\"\/>\n\n\n\n<h2 class=\"wp-block-heading\">Engagement de la FFMC 76<\/h2>\n\n\n\n<p>La FFMC 76 s\u2019engage \u00e0 respecter la vie priv\u00e9e des internautes et \u00e0 limiter la collecte des donn\u00e9es personnelles au strict n\u00e9cessaire, dans un esprit de transparence, de respect des libert\u00e9s individuelles et de d\u00e9fense des usagers.<\/p>\n","protected":false},"excerpt":{"rendered":"<p>Qui sommes-nous ? Le site http:\/\/ffmc76.fr est un site d\u2019information et d\u2019expression de la F\u00e9d\u00e9ration Fran\u00e7aise des Motards en Col\u00e8re \u2013 antenne de Seine-Maritime (FFMC 76). Responsable du traitement des donn\u00e9esF\u00e9d\u00e9ration Fran\u00e7aise des Motards en Col\u00e8re \u2013 FFMC 769 rue Jacques LELIEUR &#8211; 76000 ROUENAdresse e-mail : site.ffmc76@gmail.com La FFMC &#8230;<\/p>\n","protected":false},"author":2,"featured_media":0,"parent":0,"menu_order":0,"comment_status":"closed","ping_status":"closed","template":"","meta":{"inline_featured_image":false,"cybocfi_hide_featured_image":"","footnotes":""},"class_list":["post-11171","page","type-page","status-publish","hentry","column","twocol"],"yoast_head":"<!-- This site is optimized with the Yoast SEO plugin v27.3 - https:\/\/yoast.com\/product\/yoast-seo-wordpress\/ -->\n<title>Politique de confidentialit\u00e9 - FFMC76<\/title>\n<meta name=\"robots\" content=\"index, follow, max-snippet:-1, max-image-preview:large, max-video-preview:-1\" \/>\n<link rel=\"canonical\" href=\"https:\/\/ffmc76.fr\/index.php\/politique-de-confidentialite-2\/\" \/>\n<meta property=\"og:locale\" content=\"fr_FR\" \/>\n<meta property=\"og:type\" content=\"article\" \/>\n<meta property=\"og:title\" content=\"Politique de confidentialit\u00e9 - FFMC76\" \/>\n<meta property=\"og:description\" content=\"Qui sommes-nous ? Le site http:\/\/ffmc76.fr est un site d\u2019information et d\u2019expression de la F\u00e9d\u00e9ration Fran\u00e7aise des Motards en Col\u00e8re \u2013 antenne &#8230;\" \/>\n<meta property=\"og:url\" content=\"https:\/\/ffmc76.fr\/index.php\/politique-de-confidentialite-2\/\" \/>\n<meta property=\"og:site_name\" content=\"FFMC76\" \/>\n<meta property=\"article:publisher\" content=\"https:\/\/www.facebook.com\/FFMC76\" \/>\n<meta property=\"article:modified_time\" content=\"2026-01-27T13:10:17+00:00\" \/>\n<meta name=\"twitter:card\" content=\"summary_large_image\" \/>\n<meta name=\"twitter:label1\" content=\"Dur\u00e9e de lecture estim\u00e9e\" \/>\n\t<meta name=\"twitter:data1\" content=\"5 minutes\" \/>\n<script type=\"application\/ld+json\" class=\"yoast-schema-graph\">{\"@context\":\"https:\\\/\\\/schema.org\",\"@graph\":[{\"@type\":\"WebPage\",\"@id\":\"https:\\\/\\\/ffmc76.fr\\\/index.php\\\/politique-de-confidentialite-2\\\/\",\"url\":\"https:\\\/\\\/ffmc76.fr\\\/index.php\\\/politique-de-confidentialite-2\\\/\",\"name\":\"Politique de confidentialit\u00e9 - FFMC76\",\"isPartOf\":{\"@id\":\"https:\\\/\\\/ffmc76.fr\\\/#website\"},\"datePublished\":\"2026-01-27T13:04:31+00:00\",\"dateModified\":\"2026-01-27T13:10:17+00:00\",\"breadcrumb\":{\"@id\":\"https:\\\/\\\/ffmc76.fr\\\/index.php\\\/politique-de-confidentialite-2\\\/#breadcrumb\"},\"inLanguage\":\"fr-FR\",\"potentialAction\":[{\"@type\":\"ReadAction\",\"target\":[\"https:\\\/\\\/ffmc76.fr\\\/index.php\\\/politique-de-confidentialite-2\\\/\"]}]},{\"@type\":\"BreadcrumbList\",\"@id\":\"https:\\\/\\\/ffmc76.fr\\\/index.php\\\/politique-de-confidentialite-2\\\/#breadcrumb\",\"itemListElement\":[{\"@type\":\"ListItem\",\"position\":1,\"name\":\"Accueil\",\"item\":\"https:\\\/\\\/ffmc76.fr\\\/\"},{\"@type\":\"ListItem\",\"position\":2,\"name\":\"Politique de confidentialit\u00e9\"}]},{\"@type\":\"WebSite\",\"@id\":\"https:\\\/\\\/ffmc76.fr\\\/#website\",\"url\":\"https:\\\/\\\/ffmc76.fr\\\/\",\"name\":\"FFMC76\",\"description\":\"F\u00e9d\u00e9ration Fran\u00e7aise des Motards en Col\u00e8re, antenne de Seine-Maritime\",\"publisher\":{\"@id\":\"https:\\\/\\\/ffmc76.fr\\\/#organization\"},\"potentialAction\":[{\"@type\":\"SearchAction\",\"target\":{\"@type\":\"EntryPoint\",\"urlTemplate\":\"https:\\\/\\\/ffmc76.fr\\\/?s={search_term_string}\"},\"query-input\":{\"@type\":\"PropertyValueSpecification\",\"valueRequired\":true,\"valueName\":\"search_term_string\"}}],\"inLanguage\":\"fr-FR\"},{\"@type\":\"Organization\",\"@id\":\"https:\\\/\\\/ffmc76.fr\\\/#organization\",\"name\":\"FFMC76\",\"url\":\"https:\\\/\\\/ffmc76.fr\\\/\",\"logo\":{\"@type\":\"ImageObject\",\"inLanguage\":\"fr-FR\",\"@id\":\"https:\\\/\\\/ffmc76.fr\\\/#\\\/schema\\\/logo\\\/image\\\/\",\"url\":\"https:\\\/\\\/ffmc76.fr\\\/wp-content\\\/uploads\\\/2023\\\/01\\\/logo_boxeur-76.png\",\"contentUrl\":\"https:\\\/\\\/ffmc76.fr\\\/wp-content\\\/uploads\\\/2023\\\/01\\\/logo_boxeur-76.png\",\"width\":545,\"height\":712,\"caption\":\"FFMC76\"},\"image\":{\"@id\":\"https:\\\/\\\/ffmc76.fr\\\/#\\\/schema\\\/logo\\\/image\\\/\"},\"sameAs\":[\"https:\\\/\\\/www.facebook.com\\\/FFMC76\"]}]}<\/script>\n<!-- \/ Yoast SEO plugin. -->","yoast_head_json":{"title":"Politique de confidentialit\u00e9 - FFMC76","robots":{"index":"index","follow":"follow","max-snippet":"max-snippet:-1","max-image-preview":"max-image-preview:large","max-video-preview":"max-video-preview:-1"},"canonical":"https:\/\/ffmc76.fr\/index.php\/politique-de-confidentialite-2\/","og_locale":"fr_FR","og_type":"article","og_title":"Politique de confidentialit\u00e9 - FFMC76","og_description":"Qui sommes-nous ? Le site http:\/\/ffmc76.fr est un site d\u2019information et d\u2019expression de la F\u00e9d\u00e9ration Fran\u00e7aise des Motards en Col\u00e8re \u2013 antenne &#8230;","og_url":"https:\/\/ffmc76.fr\/index.php\/politique-de-confidentialite-2\/","og_site_name":"FFMC76","article_publisher":"https:\/\/www.facebook.com\/FFMC76","article_modified_time":"2026-01-27T13:10:17+00:00","twitter_card":"summary_large_image","twitter_misc":{"Dur\u00e9e de lecture estim\u00e9e":"5 minutes"},"schema":{"@context":"https:\/\/schema.org","@graph":[{"@type":"WebPage","@id":"https:\/\/ffmc76.fr\/index.php\/politique-de-confidentialite-2\/","url":"https:\/\/ffmc76.fr\/index.php\/politique-de-confidentialite-2\/","name":"Politique de confidentialit\u00e9 - FFMC76","isPartOf":{"@id":"https:\/\/ffmc76.fr\/#website"},"datePublished":"2026-01-27T13:04:31+00:00","dateModified":"2026-01-27T13:10:17+00:00","breadcrumb":{"@id":"https:\/\/ffmc76.fr\/index.php\/politique-de-confidentialite-2\/#breadcrumb"},"inLanguage":"fr-FR","potentialAction":[{"@type":"ReadAction","target":["https:\/\/ffmc76.fr\/index.php\/politique-de-confidentialite-2\/"]}]},{"@type":"BreadcrumbList","@id":"https:\/\/ffmc76.fr\/index.php\/politique-de-confidentialite-2\/#breadcrumb","itemListElement":[{"@type":"ListItem","position":1,"name":"Accueil","item":"https:\/\/ffmc76.fr\/"},{"@type":"ListItem","position":2,"name":"Politique de confidentialit\u00e9"}]},{"@type":"WebSite","@id":"https:\/\/ffmc76.fr\/#website","url":"https:\/\/ffmc76.fr\/","name":"FFMC76","description":"F\u00e9d\u00e9ration Fran\u00e7aise des Motards en Col\u00e8re, antenne de Seine-Maritime","publisher":{"@id":"https:\/\/ffmc76.fr\/#organization"},"potentialAction":[{"@type":"SearchAction","target":{"@type":"EntryPoint","urlTemplate":"https:\/\/ffmc76.fr\/?s={search_term_string}"},"query-input":{"@type":"PropertyValueSpecification","valueRequired":true,"valueName":"search_term_string"}}],"inLanguage":"fr-FR"},{"@type":"Organization","@id":"https:\/\/ffmc76.fr\/#organization","name":"FFMC76","url":"https:\/\/ffmc76.fr\/","logo":{"@type":"ImageObject","inLanguage":"fr-FR","@id":"https:\/\/ffmc76.fr\/#\/schema\/logo\/image\/","url":"https:\/\/ffmc76.fr\/wp-content\/uploads\/2023\/01\/logo_boxeur-76.png","contentUrl":"https:\/\/ffmc76.fr\/wp-content\/uploads\/2023\/01\/logo_boxeur-76.png","width":545,"height":712,"caption":"FFMC76"},"image":{"@id":"https:\/\/ffmc76.fr\/#\/schema\/logo\/image\/"},"sameAs":["https:\/\/www.facebook.com\/FFMC76"]}]}},"_links":{"self":[{"href":"https:\/\/ffmc76.fr\/index.php\/wp-json\/wp\/v2\/pages\/11171","targetHints":{"allow":["GET"]}}],"collection":[{"href":"https:\/\/ffmc76.fr\/index.php\/wp-json\/wp\/v2\/pages"}],"about":[{"href":"https:\/\/ffmc76.fr\/index.php\/wp-json\/wp\/v2\/types\/page"}],"author":[{"embeddable":true,"href":"https:\/\/ffmc76.fr\/index.php\/wp-json\/wp\/v2\/users\/2"}],"replies":[{"embeddable":true,"href":"https:\/\/ffmc76.fr\/index.php\/wp-json\/wp\/v2\/comments?post=11171"}],"version-history":[{"count":5,"href":"https:\/\/ffmc76.fr\/index.php\/wp-json\/wp\/v2\/pages\/11171\/revisions"}],"predecessor-version":[{"id":11178,"href":"https:\/\/ffmc76.fr\/index.php\/wp-json\/wp\/v2\/pages\/11171\/revisions\/11178"}],"wp:attachment":[{"href":"https:\/\/ffmc76.fr\/index.php\/wp-json\/wp\/v2\/media?parent=11171"}],"curies":[{"name":"wp","href":"https:\/\/api.w.org\/{rel}","templated":true}]}}