{"id":4618,"date":"2017-02-17T07:19:33","date_gmt":"2017-02-17T06:19:33","guid":{"rendered":"http:\/\/ffmc76.fr\/?page_id=4618"},"modified":"2017-02-17T07:19:33","modified_gmt":"2017-02-17T06:19:33","slug":"abonnez-vous-a-notre-newsletter","status":"publish","type":"page","link":"https:\/\/ffmc76.fr\/index.php\/abonnez-vous-a-notre-newsletter\/","title":{"rendered":"Abonnez-vous \u00e0 notre newsletter"},"content":{"rendered":"<p>Pour ne rien manquer, abonnez-vous \u00e0 la&nbsp;newsletter de la FFMC76<\/p>\n<p>[wysija_form id=\u00a0\u00bb1&Prime;]<\/p>\n","protected":false},"excerpt":{"rendered":"<p>Pour ne rien manquer, abonnez-vous \u00e0 la&nbsp;newsletter de la FFMC76 [wysija_form id=\u00a0\u00bb1&Prime;]<\/p>\n","protected":false},"author":19,"featured_media":0,"parent":0,"menu_order":0,"comment_status":"closed","ping_status":"closed","template":"","meta":{"inline_featured_image":false,"cybocfi_hide_featured_image":"","footnotes":""},"class_list":["post-4618","page","type-page","status-publish","hentry","column","twocol"],"yoast_head":"<!-- This site is optimized with the Yoast SEO plugin v27.3 - https:\/\/yoast.com\/product\/yoast-seo-wordpress\/ -->\n<title>Abonnez-vous \u00e0 notre newsletter - FFMC76<\/title>\n<meta name=\"robots\" content=\"index, follow, max-snippet:-1, max-image-preview:large, max-video-preview:-1\" \/>\n<link rel=\"canonical\" href=\"https:\/\/ffmc76.fr\/index.php\/abonnez-vous-a-notre-newsletter\/\" \/>\n<meta property=\"og:locale\" content=\"fr_FR\" \/>\n<meta property=\"og:type\" content=\"article\" \/>\n<meta property=\"og:title\" content=\"Abonnez-vous \u00e0 notre newsletter - FFMC76\" \/>\n<meta property=\"og:description\" content=\"Pour ne rien manquer, abonnez-vous \u00e0 la&nbsp;newsletter de la FFMC76 [wysija_form id=\u00a0\u00bb1&Prime;]\" \/>\n<meta property=\"og:url\" content=\"https:\/\/ffmc76.fr\/index.php\/abonnez-vous-a-notre-newsletter\/\" \/>\n<meta property=\"og:site_name\" content=\"FFMC76\" \/>\n<meta property=\"article:publisher\" content=\"https:\/\/www.facebook.com\/FFMC76\" \/>\n<meta name=\"twitter:card\" content=\"summary_large_image\" \/>\n<script type=\"application\/ld+json\" class=\"yoast-schema-graph\">{\"@context\":\"https:\\\/\\\/schema.org\",\"@graph\":[{\"@type\":\"WebPage\",\"@id\":\"https:\\\/\\\/ffmc76.fr\\\/index.php\\\/abonnez-vous-a-notre-newsletter\\\/\",\"url\":\"https:\\\/\\\/ffmc76.fr\\\/index.php\\\/abonnez-vous-a-notre-newsletter\\\/\",\"name\":\"Abonnez-vous \u00e0 notre newsletter - FFMC76\",\"isPartOf\":{\"@id\":\"https:\\\/\\\/ffmc76.fr\\\/#website\"},\"datePublished\":\"2017-02-17T06:19:33+00:00\",\"breadcrumb\":{\"@id\":\"https:\\\/\\\/ffmc76.fr\\\/index.php\\\/abonnez-vous-a-notre-newsletter\\\/#breadcrumb\"},\"inLanguage\":\"fr-FR\",\"potentialAction\":[{\"@type\":\"ReadAction\",\"target\":[\"https:\\\/\\\/ffmc76.fr\\\/index.php\\\/abonnez-vous-a-notre-newsletter\\\/\"]}]},{\"@type\":\"BreadcrumbList\",\"@id\":\"https:\\\/\\\/ffmc76.fr\\\/index.php\\\/abonnez-vous-a-notre-newsletter\\\/#breadcrumb\",\"itemListElement\":[{\"@type\":\"ListItem\",\"position\":1,\"name\":\"Accueil\",\"item\":\"https:\\\/\\\/ffmc76.fr\\\/\"},{\"@type\":\"ListItem\",\"position\":2,\"name\":\"Abonnez-vous \u00e0 notre newsletter\"}]},{\"@type\":\"WebSite\",\"@id\":\"https:\\\/\\\/ffmc76.fr\\\/#website\",\"url\":\"https:\\\/\\\/ffmc76.fr\\\/\",\"name\":\"FFMC76\",\"description\":\"F\u00e9d\u00e9ration Fran\u00e7aise des Motards en Col\u00e8re, antenne de Seine-Maritime\",\"publisher\":{\"@id\":\"https:\\\/\\\/ffmc76.fr\\\/#organization\"},\"potentialAction\":[{\"@type\":\"SearchAction\",\"target\":{\"@type\":\"EntryPoint\",\"urlTemplate\":\"https:\\\/\\\/ffmc76.fr\\\/?s={search_term_string}\"},\"query-input\":{\"@type\":\"PropertyValueSpecification\",\"valueRequired\":true,\"valueName\":\"search_term_string\"}}],\"inLanguage\":\"fr-FR\"},{\"@type\":\"Organization\",\"@id\":\"https:\\\/\\\/ffmc76.fr\\\/#organization\",\"name\":\"FFMC76\",\"url\":\"https:\\\/\\\/ffmc76.fr\\\/\",\"logo\":{\"@type\":\"ImageObject\",\"inLanguage\":\"fr-FR\",\"@id\":\"https:\\\/\\\/ffmc76.fr\\\/#\\\/schema\\\/logo\\\/image\\\/\",\"url\":\"https:\\\/\\\/ffmc76.fr\\\/wp-content\\\/uploads\\\/2023\\\/01\\\/logo_boxeur-76.png\",\"contentUrl\":\"https:\\\/\\\/ffmc76.fr\\\/wp-content\\\/uploads\\\/2023\\\/01\\\/logo_boxeur-76.png\",\"width\":545,\"height\":712,\"caption\":\"FFMC76\"},\"image\":{\"@id\":\"https:\\\/\\\/ffmc76.fr\\\/#\\\/schema\\\/logo\\\/image\\\/\"},\"sameAs\":[\"https:\\\/\\\/www.facebook.com\\\/FFMC76\"]}]}<\/script>\n<!-- \/ Yoast SEO plugin. -->","yoast_head_json":{"title":"Abonnez-vous \u00e0 notre newsletter - FFMC76","robots":{"index":"index","follow":"follow","max-snippet":"max-snippet:-1","max-image-preview":"max-image-preview:large","max-video-preview":"max-video-preview:-1"},"canonical":"https:\/\/ffmc76.fr\/index.php\/abonnez-vous-a-notre-newsletter\/","og_locale":"fr_FR","og_type":"article","og_title":"Abonnez-vous \u00e0 notre newsletter - FFMC76","og_description":"Pour ne rien manquer, abonnez-vous \u00e0 la&nbsp;newsletter de la FFMC76 [wysija_form id=\u00a0\u00bb1&Prime;]","og_url":"https:\/\/ffmc76.fr\/index.php\/abonnez-vous-a-notre-newsletter\/","og_site_name":"FFMC76","article_publisher":"https:\/\/www.facebook.com\/FFMC76","twitter_card":"summary_large_image","schema":{"@context":"https:\/\/schema.org","@graph":[{"@type":"WebPage","@id":"https:\/\/ffmc76.fr\/index.php\/abonnez-vous-a-notre-newsletter\/","url":"https:\/\/ffmc76.fr\/index.php\/abonnez-vous-a-notre-newsletter\/","name":"Abonnez-vous \u00e0 notre newsletter - FFMC76","isPartOf":{"@id":"https:\/\/ffmc76.fr\/#website"},"datePublished":"2017-02-17T06:19:33+00:00","breadcrumb":{"@id":"https:\/\/ffmc76.fr\/index.php\/abonnez-vous-a-notre-newsletter\/#breadcrumb"},"inLanguage":"fr-FR","potentialAction":[{"@type":"ReadAction","target":["https:\/\/ffmc76.fr\/index.php\/abonnez-vous-a-notre-newsletter\/"]}]},{"@type":"BreadcrumbList","@id":"https:\/\/ffmc76.fr\/index.php\/abonnez-vous-a-notre-newsletter\/#breadcrumb","itemListElement":[{"@type":"ListItem","position":1,"name":"Accueil","item":"https:\/\/ffmc76.fr\/"},{"@type":"ListItem","position":2,"name":"Abonnez-vous \u00e0 notre newsletter"}]},{"@type":"WebSite","@id":"https:\/\/ffmc76.fr\/#website","url":"https:\/\/ffmc76.fr\/","name":"FFMC76","description":"F\u00e9d\u00e9ration Fran\u00e7aise des Motards en Col\u00e8re, antenne de Seine-Maritime","publisher":{"@id":"https:\/\/ffmc76.fr\/#organization"},"potentialAction":[{"@type":"SearchAction","target":{"@type":"EntryPoint","urlTemplate":"https:\/\/ffmc76.fr\/?s={search_term_string}"},"query-input":{"@type":"PropertyValueSpecification","valueRequired":true,"valueName":"search_term_string"}}],"inLanguage":"fr-FR"},{"@type":"Organization","@id":"https:\/\/ffmc76.fr\/#organization","name":"FFMC76","url":"https:\/\/ffmc76.fr\/","logo":{"@type":"ImageObject","inLanguage":"fr-FR","@id":"https:\/\/ffmc76.fr\/#\/schema\/logo\/image\/","url":"https:\/\/ffmc76.fr\/wp-content\/uploads\/2023\/01\/logo_boxeur-76.png","contentUrl":"https:\/\/ffmc76.fr\/wp-content\/uploads\/2023\/01\/logo_boxeur-76.png","width":545,"height":712,"caption":"FFMC76"},"image":{"@id":"https:\/\/ffmc76.fr\/#\/schema\/logo\/image\/"},"sameAs":["https:\/\/www.facebook.com\/FFMC76"]}]}},"_links":{"self":[{"href":"https:\/\/ffmc76.fr\/index.php\/wp-json\/wp\/v2\/pages\/4618","targetHints":{"allow":["GET"]}}],"collection":[{"href":"https:\/\/ffmc76.fr\/index.php\/wp-json\/wp\/v2\/pages"}],"about":[{"href":"https:\/\/ffmc76.fr\/index.php\/wp-json\/wp\/v2\/types\/page"}],"author":[{"embeddable":true,"href":"https:\/\/ffmc76.fr\/index.php\/wp-json\/wp\/v2\/users\/19"}],"replies":[{"embeddable":true,"href":"https:\/\/ffmc76.fr\/index.php\/wp-json\/wp\/v2\/comments?post=4618"}],"version-history":[{"count":1,"href":"https:\/\/ffmc76.fr\/index.php\/wp-json\/wp\/v2\/pages\/4618\/revisions"}],"predecessor-version":[{"id":4619,"href":"https:\/\/ffmc76.fr\/index.php\/wp-json\/wp\/v2\/pages\/4618\/revisions\/4619"}],"wp:attachment":[{"href":"https:\/\/ffmc76.fr\/index.php\/wp-json\/wp\/v2\/media?parent=4618"}],"curies":[{"name":"wp","href":"https:\/\/api.w.org\/{rel}","templated":true}]}}