{"id":4716,"date":"2017-02-20T14:16:23","date_gmt":"2017-02-20T13:16:23","guid":{"rendered":"http:\/\/ffmc76.fr\/?page_id=4716"},"modified":"2022-12-18T14:50:48","modified_gmt":"2022-12-18T13:50:48","slug":"adherer-a-la-ffmc","status":"publish","type":"page","link":"https:\/\/ffmc76.fr\/index.php\/adherer-a-la-ffmc\/","title":{"rendered":"Adh\u00e9rer \u00e0 la FFMC"},"content":{"rendered":"<p><img loading=\"lazy\" decoding=\"async\" class=\"size-thumbnail wp-image-4713 alignleft\" src=\"https:\/\/ffmc76.fr\/wp-content\/uploads\/2017\/02\/2015_05_Banniere_droite_adh-14338-1-150x150.png\" alt=\"\" width=\"150\" height=\"150\" data-id=\"4713\" \/>Depuis 40 ans, la FFMC d\u00e9fend, repr\u00e9sente et soutient tous les usagers de deux et trois-roues motoris\u00e9s. Des succ\u00e8s historiques (vignette moto, r\u00e9duction pour les deux-roues aux p\u00e9ages, 100ch\u2026) aux combats en cours (contr\u00f4le technique, libert\u00e9s de circulation\u2026), en passant par le travail au quotidien pour l\u2019am\u00e9lioration de la formation, des infrastructures et de la prise en compte des deux-roues, <strong>nous fonctionnons uniquement gr\u00e2ce \u00e0 vos adh\u00e9sions !<\/strong><\/p>\n<p><strong>Les motards, scoot\u00e9ristes et sidecaristes ne peuvent compter que sur eux-m\u00eames, alors merci d\u2019adh\u00e9rer ou de renouveler votre adh\u00e9sion \u00e0 votre F\u00e9d\u00e9ration des motards en col\u00e8re, citoyens et constructifs\u00a0!<\/strong><\/p>\n<p><strong>Pour adh\u00e9rer \u00e0 la FFMC ou r\u00e9adh\u00e9rer, 3 possibilit\u00e9s\u00a0:<\/strong><\/p>\n<ul>\n<li>En ligne\u00a0: <a class=\"spip_url spip_out auto\" href=\"http:\/\/adherer.ffmc.fr\/\" rel=\"nofollow external\">http:\/\/adherer.ffmc.fr\/<\/a><\/li>\n<li>Par courrier\u00a0: t\u00e9l\u00e9chargez le <a href=\"https:\/\/ffmc76.fr\/wp-content\/uploads\/2022\/12\/2023_bulletin_adhesion.pdf\">bulletin d\u2019adh\u00e9sion<\/a>\u00a0et retournez-le nous accompagn\u00e9 de votre r\u00e8glement par ch\u00e8que \u00e0 l\u2019ordre de la FFMC.<\/li>\n<li>En nous contactant sur notre antenne<br \/>\n9 rue Jacques Lelieur &#8211; 76000 Rouen<br \/>\n<a href=\"mailto:antenne.ffmc76@gmail.com\" target=\"_blank\" rel=\"nofollow noopener noreferrer\">antenne.ffmc76@gmail.com<\/a><\/li>\n<\/ul>\n<p><em>Ces informations sont strictement confidentielles et ne seront en aucun cas communiqu\u00e9es hors des structures du Mouvement FFMC.<\/em><\/p>\n<p><a href=\"http:\/\/ffmc76.fr\/wp-content\/uploads\/2017\/02\/ob_ace6df_le-mur-retaille.jpg\"><img loading=\"lazy\" decoding=\"async\" class=\"aligncenter wp-image-4836 size-large\" src=\"https:\/\/ffmc76.fr\/wp-content\/uploads\/2017\/02\/ob_ace6df_le-mur-retaille-1024x620.jpg\" width=\"660\" height=\"400\" data-id=\"4836\" srcset=\"https:\/\/ffmc76.fr\/wp-content\/uploads\/2017\/02\/ob_ace6df_le-mur-retaille-1024x620.jpg 1024w, https:\/\/ffmc76.fr\/wp-content\/uploads\/2017\/02\/ob_ace6df_le-mur-retaille-300x182.jpg 300w, https:\/\/ffmc76.fr\/wp-content\/uploads\/2017\/02\/ob_ace6df_le-mur-retaille-768x465.jpg 768w, https:\/\/ffmc76.fr\/wp-content\/uploads\/2017\/02\/ob_ace6df_le-mur-retaille-600x363.jpg 600w, https:\/\/ffmc76.fr\/wp-content\/uploads\/2017\/02\/ob_ace6df_le-mur-retaille-700x424.jpg 700w, https:\/\/ffmc76.fr\/wp-content\/uploads\/2017\/02\/ob_ace6df_le-mur-retaille.jpg 1600w\" sizes=\"auto, (max-width: 660px) 100vw, 660px\" \/><\/a><\/p>\n","protected":false},"excerpt":{"rendered":"<p>Depuis 40 ans, la FFMC d\u00e9fend, repr\u00e9sente et soutient tous les usagers de deux et trois-roues motoris\u00e9s. Des succ\u00e8s historiques (vignette moto, r\u00e9duction pour les deux-roues aux p\u00e9ages, 100ch\u2026) aux combats en cours (contr\u00f4le technique, libert\u00e9s de circulation\u2026), en passant par le travail au quotidien pour l\u2019am\u00e9lioration de la formation, &#8230;<\/p>\n","protected":false},"author":2,"featured_media":0,"parent":0,"menu_order":0,"comment_status":"closed","ping_status":"closed","template":"","meta":{"inline_featured_image":false,"cybocfi_hide_featured_image":"","footnotes":""},"class_list":["post-4716","page","type-page","status-publish","hentry","column","twocol"],"yoast_head":"<!-- This site is optimized with the Yoast SEO plugin v27.3 - https:\/\/yoast.com\/product\/yoast-seo-wordpress\/ -->\n<title>Adh\u00e9rer \u00e0 la FFMC - FFMC76<\/title>\n<meta name=\"robots\" content=\"index, follow, max-snippet:-1, max-image-preview:large, max-video-preview:-1\" \/>\n<link rel=\"canonical\" href=\"https:\/\/ffmc76.fr\/index.php\/adherer-a-la-ffmc\/\" \/>\n<meta property=\"og:locale\" content=\"fr_FR\" \/>\n<meta property=\"og:type\" content=\"article\" \/>\n<meta property=\"og:title\" content=\"Adh\u00e9rer \u00e0 la FFMC - FFMC76\" \/>\n<meta property=\"og:description\" content=\"Depuis 40 ans, la FFMC d\u00e9fend, repr\u00e9sente et soutient tous les usagers de deux et trois-roues motoris\u00e9s. Des succ\u00e8s historiques (vignette moto, &#8230;\" \/>\n<meta property=\"og:url\" content=\"https:\/\/ffmc76.fr\/index.php\/adherer-a-la-ffmc\/\" \/>\n<meta property=\"og:site_name\" content=\"FFMC76\" \/>\n<meta property=\"article:publisher\" content=\"https:\/\/www.facebook.com\/FFMC76\" \/>\n<meta property=\"article:modified_time\" content=\"2022-12-18T13:50:48+00:00\" \/>\n<meta property=\"og:image\" content=\"http:\/\/ffmc76.fr\/wp-content\/uploads\/2017\/02\/2015_05_Banniere_droite_adh-14338-1-150x150.png\" \/>\n<meta name=\"twitter:card\" content=\"summary_large_image\" \/>\n<meta name=\"twitter:label1\" content=\"Dur\u00e9e de lecture estim\u00e9e\" \/>\n\t<meta name=\"twitter:data1\" content=\"1 minute\" \/>\n<script type=\"application\/ld+json\" class=\"yoast-schema-graph\">{\"@context\":\"https:\\\/\\\/schema.org\",\"@graph\":[{\"@type\":\"WebPage\",\"@id\":\"https:\\\/\\\/ffmc76.fr\\\/index.php\\\/adherer-a-la-ffmc\\\/\",\"url\":\"https:\\\/\\\/ffmc76.fr\\\/index.php\\\/adherer-a-la-ffmc\\\/\",\"name\":\"Adh\u00e9rer \u00e0 la FFMC - FFMC76\",\"isPartOf\":{\"@id\":\"https:\\\/\\\/ffmc76.fr\\\/#website\"},\"primaryImageOfPage\":{\"@id\":\"https:\\\/\\\/ffmc76.fr\\\/index.php\\\/adherer-a-la-ffmc\\\/#primaryimage\"},\"image\":{\"@id\":\"https:\\\/\\\/ffmc76.fr\\\/index.php\\\/adherer-a-la-ffmc\\\/#primaryimage\"},\"thumbnailUrl\":\"http:\\\/\\\/ffmc76.fr\\\/wp-content\\\/uploads\\\/2017\\\/02\\\/2015_05_Banniere_droite_adh-14338-1-150x150.png\",\"datePublished\":\"2017-02-20T13:16:23+00:00\",\"dateModified\":\"2022-12-18T13:50:48+00:00\",\"breadcrumb\":{\"@id\":\"https:\\\/\\\/ffmc76.fr\\\/index.php\\\/adherer-a-la-ffmc\\\/#breadcrumb\"},\"inLanguage\":\"fr-FR\",\"potentialAction\":[{\"@type\":\"ReadAction\",\"target\":[\"https:\\\/\\\/ffmc76.fr\\\/index.php\\\/adherer-a-la-ffmc\\\/\"]}]},{\"@type\":\"ImageObject\",\"inLanguage\":\"fr-FR\",\"@id\":\"https:\\\/\\\/ffmc76.fr\\\/index.php\\\/adherer-a-la-ffmc\\\/#primaryimage\",\"url\":\"http:\\\/\\\/ffmc76.fr\\\/wp-content\\\/uploads\\\/2017\\\/02\\\/2015_05_Banniere_droite_adh-14338-1-150x150.png\",\"contentUrl\":\"http:\\\/\\\/ffmc76.fr\\\/wp-content\\\/uploads\\\/2017\\\/02\\\/2015_05_Banniere_droite_adh-14338-1-150x150.png\"},{\"@type\":\"BreadcrumbList\",\"@id\":\"https:\\\/\\\/ffmc76.fr\\\/index.php\\\/adherer-a-la-ffmc\\\/#breadcrumb\",\"itemListElement\":[{\"@type\":\"ListItem\",\"position\":1,\"name\":\"Accueil\",\"item\":\"https:\\\/\\\/ffmc76.fr\\\/\"},{\"@type\":\"ListItem\",\"position\":2,\"name\":\"Adh\u00e9rer \u00e0 la FFMC\"}]},{\"@type\":\"WebSite\",\"@id\":\"https:\\\/\\\/ffmc76.fr\\\/#website\",\"url\":\"https:\\\/\\\/ffmc76.fr\\\/\",\"name\":\"FFMC76\",\"description\":\"F\u00e9d\u00e9ration Fran\u00e7aise des Motards en Col\u00e8re, antenne de Seine-Maritime\",\"publisher\":{\"@id\":\"https:\\\/\\\/ffmc76.fr\\\/#organization\"},\"potentialAction\":[{\"@type\":\"SearchAction\",\"target\":{\"@type\":\"EntryPoint\",\"urlTemplate\":\"https:\\\/\\\/ffmc76.fr\\\/?s={search_term_string}\"},\"query-input\":{\"@type\":\"PropertyValueSpecification\",\"valueRequired\":true,\"valueName\":\"search_term_string\"}}],\"inLanguage\":\"fr-FR\"},{\"@type\":\"Organization\",\"@id\":\"https:\\\/\\\/ffmc76.fr\\\/#organization\",\"name\":\"FFMC76\",\"url\":\"https:\\\/\\\/ffmc76.fr\\\/\",\"logo\":{\"@type\":\"ImageObject\",\"inLanguage\":\"fr-FR\",\"@id\":\"https:\\\/\\\/ffmc76.fr\\\/#\\\/schema\\\/logo\\\/image\\\/\",\"url\":\"https:\\\/\\\/ffmc76.fr\\\/wp-content\\\/uploads\\\/2023\\\/01\\\/logo_boxeur-76.png\",\"contentUrl\":\"https:\\\/\\\/ffmc76.fr\\\/wp-content\\\/uploads\\\/2023\\\/01\\\/logo_boxeur-76.png\",\"width\":545,\"height\":712,\"caption\":\"FFMC76\"},\"image\":{\"@id\":\"https:\\\/\\\/ffmc76.fr\\\/#\\\/schema\\\/logo\\\/image\\\/\"},\"sameAs\":[\"https:\\\/\\\/www.facebook.com\\\/FFMC76\"]}]}<\/script>\n<!-- \/ Yoast SEO plugin. -->","yoast_head_json":{"title":"Adh\u00e9rer \u00e0 la FFMC - FFMC76","robots":{"index":"index","follow":"follow","max-snippet":"max-snippet:-1","max-image-preview":"max-image-preview:large","max-video-preview":"max-video-preview:-1"},"canonical":"https:\/\/ffmc76.fr\/index.php\/adherer-a-la-ffmc\/","og_locale":"fr_FR","og_type":"article","og_title":"Adh\u00e9rer \u00e0 la FFMC - FFMC76","og_description":"Depuis 40 ans, la FFMC d\u00e9fend, repr\u00e9sente et soutient tous les usagers de deux et trois-roues motoris\u00e9s. Des succ\u00e8s historiques (vignette moto, &#8230;","og_url":"https:\/\/ffmc76.fr\/index.php\/adherer-a-la-ffmc\/","og_site_name":"FFMC76","article_publisher":"https:\/\/www.facebook.com\/FFMC76","article_modified_time":"2022-12-18T13:50:48+00:00","og_image":[{"url":"http:\/\/ffmc76.fr\/wp-content\/uploads\/2017\/02\/2015_05_Banniere_droite_adh-14338-1-150x150.png","type":"","width":"","height":""}],"twitter_card":"summary_large_image","twitter_misc":{"Dur\u00e9e de lecture estim\u00e9e":"1 minute"},"schema":{"@context":"https:\/\/schema.org","@graph":[{"@type":"WebPage","@id":"https:\/\/ffmc76.fr\/index.php\/adherer-a-la-ffmc\/","url":"https:\/\/ffmc76.fr\/index.php\/adherer-a-la-ffmc\/","name":"Adh\u00e9rer \u00e0 la FFMC - FFMC76","isPartOf":{"@id":"https:\/\/ffmc76.fr\/#website"},"primaryImageOfPage":{"@id":"https:\/\/ffmc76.fr\/index.php\/adherer-a-la-ffmc\/#primaryimage"},"image":{"@id":"https:\/\/ffmc76.fr\/index.php\/adherer-a-la-ffmc\/#primaryimage"},"thumbnailUrl":"http:\/\/ffmc76.fr\/wp-content\/uploads\/2017\/02\/2015_05_Banniere_droite_adh-14338-1-150x150.png","datePublished":"2017-02-20T13:16:23+00:00","dateModified":"2022-12-18T13:50:48+00:00","breadcrumb":{"@id":"https:\/\/ffmc76.fr\/index.php\/adherer-a-la-ffmc\/#breadcrumb"},"inLanguage":"fr-FR","potentialAction":[{"@type":"ReadAction","target":["https:\/\/ffmc76.fr\/index.php\/adherer-a-la-ffmc\/"]}]},{"@type":"ImageObject","inLanguage":"fr-FR","@id":"https:\/\/ffmc76.fr\/index.php\/adherer-a-la-ffmc\/#primaryimage","url":"http:\/\/ffmc76.fr\/wp-content\/uploads\/2017\/02\/2015_05_Banniere_droite_adh-14338-1-150x150.png","contentUrl":"http:\/\/ffmc76.fr\/wp-content\/uploads\/2017\/02\/2015_05_Banniere_droite_adh-14338-1-150x150.png"},{"@type":"BreadcrumbList","@id":"https:\/\/ffmc76.fr\/index.php\/adherer-a-la-ffmc\/#breadcrumb","itemListElement":[{"@type":"ListItem","position":1,"name":"Accueil","item":"https:\/\/ffmc76.fr\/"},{"@type":"ListItem","position":2,"name":"Adh\u00e9rer \u00e0 la FFMC"}]},{"@type":"WebSite","@id":"https:\/\/ffmc76.fr\/#website","url":"https:\/\/ffmc76.fr\/","name":"FFMC76","description":"F\u00e9d\u00e9ration Fran\u00e7aise des Motards en Col\u00e8re, antenne de Seine-Maritime","publisher":{"@id":"https:\/\/ffmc76.fr\/#organization"},"potentialAction":[{"@type":"SearchAction","target":{"@type":"EntryPoint","urlTemplate":"https:\/\/ffmc76.fr\/?s={search_term_string}"},"query-input":{"@type":"PropertyValueSpecification","valueRequired":true,"valueName":"search_term_string"}}],"inLanguage":"fr-FR"},{"@type":"Organization","@id":"https:\/\/ffmc76.fr\/#organization","name":"FFMC76","url":"https:\/\/ffmc76.fr\/","logo":{"@type":"ImageObject","inLanguage":"fr-FR","@id":"https:\/\/ffmc76.fr\/#\/schema\/logo\/image\/","url":"https:\/\/ffmc76.fr\/wp-content\/uploads\/2023\/01\/logo_boxeur-76.png","contentUrl":"https:\/\/ffmc76.fr\/wp-content\/uploads\/2023\/01\/logo_boxeur-76.png","width":545,"height":712,"caption":"FFMC76"},"image":{"@id":"https:\/\/ffmc76.fr\/#\/schema\/logo\/image\/"},"sameAs":["https:\/\/www.facebook.com\/FFMC76"]}]}},"_links":{"self":[{"href":"https:\/\/ffmc76.fr\/index.php\/wp-json\/wp\/v2\/pages\/4716","targetHints":{"allow":["GET"]}}],"collection":[{"href":"https:\/\/ffmc76.fr\/index.php\/wp-json\/wp\/v2\/pages"}],"about":[{"href":"https:\/\/ffmc76.fr\/index.php\/wp-json\/wp\/v2\/types\/page"}],"author":[{"embeddable":true,"href":"https:\/\/ffmc76.fr\/index.php\/wp-json\/wp\/v2\/users\/2"}],"replies":[{"embeddable":true,"href":"https:\/\/ffmc76.fr\/index.php\/wp-json\/wp\/v2\/comments?post=4716"}],"version-history":[{"count":16,"href":"https:\/\/ffmc76.fr\/index.php\/wp-json\/wp\/v2\/pages\/4716\/revisions"}],"predecessor-version":[{"id":8614,"href":"https:\/\/ffmc76.fr\/index.php\/wp-json\/wp\/v2\/pages\/4716\/revisions\/8614"}],"wp:attachment":[{"href":"https:\/\/ffmc76.fr\/index.php\/wp-json\/wp\/v2\/media?parent=4716"}],"curies":[{"name":"wp","href":"https:\/\/api.w.org\/{rel}","templated":true}]}}