{"id":5332,"date":"2017-03-25T08:17:15","date_gmt":"2017-03-25T07:17:15","guid":{"rendered":"http:\/\/ffmc76.fr\/?page_id=5332"},"modified":"2017-03-25T08:29:55","modified_gmt":"2017-03-25T07:29:55","slug":"carte-des-points-noirs","status":"publish","type":"page","link":"https:\/\/ffmc76.fr\/index.php\/carte-des-points-noirs\/","title":{"rendered":"Carte des Points Noirs"},"content":{"rendered":"<p style=\"text-align: left;\">[huge_it_maps id=\u00a0\u00bb4&Prime;]<\/p>\n<h1 class=\"entry-title\">Rep\u00e9rage des infrastructures dangereuses<\/h1>\n<p style=\"text-align: left;\"><a href=\"http:\/\/ffmc76.fr\/wp-content\/uploads\/2017\/02\/6507009_1-0-935424505_1000x625.jpg\"><img loading=\"lazy\" decoding=\"async\" class=\"size-medium wp-image-4691 alignright\" src=\"https:\/\/ffmc76.fr\/wp-content\/uploads\/2017\/02\/6507009_1-0-935424505_1000x625-300x188.jpg\" alt=\"\" width=\"300\" height=\"188\" data-id=\"4691\" srcset=\"https:\/\/ffmc76.fr\/wp-content\/uploads\/2017\/02\/6507009_1-0-935424505_1000x625-300x188.jpg 300w, https:\/\/ffmc76.fr\/wp-content\/uploads\/2017\/02\/6507009_1-0-935424505_1000x625-768x480.jpg 768w, https:\/\/ffmc76.fr\/wp-content\/uploads\/2017\/02\/6507009_1-0-935424505_1000x625-600x375.jpg 600w, https:\/\/ffmc76.fr\/wp-content\/uploads\/2017\/02\/6507009_1-0-935424505_1000x625-700x438.jpg 700w, https:\/\/ffmc76.fr\/wp-content\/uploads\/2017\/02\/6507009_1-0-935424505_1000x625.jpg 1000w\" sizes=\"auto, (max-width: 300px) 100vw, 300px\" \/><\/a>Nous sollicitons tous les motards afin de nous aider \u00e0 recenser les infrastructures routi\u00e8res dangereuses et notamment les dos d\u2019\u00e2ne, plateaux et coussins berlinois non conformes.<\/p>\n<p style=\"text-align: left;\">&nbsp;Il suffit de prendre une photo et de joindre l\u2019adresse ou la localisation des points noirs et de nous l\u2019envoyer \u00e0 :&nbsp;<a href=\"mailto:antenne.ffmc76@gmail.com\">antenne.ffmc76@gmail.com<\/a><\/p>\n<p style=\"text-align: left;\">&nbsp;<\/p>\n<p>Voici les exemples d\u2019infrastructures conformes selon le CERTU\/CEREMA :<\/p>\n<p><a href=\"http:\/\/ffmc76.fr\/wp-content\/uploads\/2017\/02\/ralentisseur1.png\"><img loading=\"lazy\" decoding=\"async\" class=\"size-medium wp-image-4580 alignleft\" src=\"https:\/\/ffmc76.fr\/wp-content\/uploads\/2017\/02\/ralentisseur1-300x268.png\" alt=\"\" width=\"300\" height=\"268\" data-id=\"4580\" srcset=\"https:\/\/ffmc76.fr\/wp-content\/uploads\/2017\/02\/ralentisseur1-300x268.png 300w, https:\/\/ffmc76.fr\/wp-content\/uploads\/2017\/02\/ralentisseur1.png 370w\" sizes=\"auto, (max-width: 300px) 100vw, 300px\" \/><\/a> <a href=\"http:\/\/ffmc76.fr\/wp-content\/uploads\/2017\/02\/ralentisseur2.png\"><img loading=\"lazy\" decoding=\"async\" class=\"size-medium wp-image-4581 alignleft\" src=\"https:\/\/ffmc76.fr\/wp-content\/uploads\/2017\/02\/ralentisseur2-300x280.png\" alt=\"\" width=\"300\" height=\"280\" data-id=\"4581\" srcset=\"https:\/\/ffmc76.fr\/wp-content\/uploads\/2017\/02\/ralentisseur2-300x280.png 300w, https:\/\/ffmc76.fr\/wp-content\/uploads\/2017\/02\/ralentisseur2.png 406w\" sizes=\"auto, (max-width: 300px) 100vw, 300px\" \/><\/a><\/p>\n<p style=\"text-align: left;\">&nbsp;<\/p>\n<p style=\"text-align: left;\">&nbsp;<\/p>\n<p style=\"text-align: left;\">&nbsp;<\/p>\n<p style=\"text-align: left;\">&nbsp;<\/p>\n<p style=\"text-align: left;\">&nbsp;<\/p>\n<p style=\"text-align: left;\">&nbsp;<\/p>\n<p style=\"text-align: left;\">&nbsp;<\/p>\n<p style=\"text-align: left;\">&nbsp;<\/p>\n<p style=\"text-align: left;\">&nbsp;<\/p>\n<p style=\"text-align: left;\">&nbsp;<\/p>\n<p style=\"text-align: left;\">&nbsp;<\/p>\n<p style=\"text-align: left;\">&nbsp;<\/p>\n<p style=\"text-align: left;\">&nbsp;<\/p>\n<p style=\"text-align: left;\"><a href=\"http:\/\/www.motomag.com\/-Casque-d-ane-Infrastructure-.html#.WKwJQDvhDcs\">Les articles \u00ab\u00a0casque d&rsquo;\u00e2ne\u00a0\u00bb sur Motomag<\/a><\/p>\n","protected":false},"excerpt":{"rendered":"<p>[huge_it_maps id=\u00a0\u00bb4&Prime;] Rep\u00e9rage des infrastructures dangereuses Nous sollicitons tous les motards afin de nous aider \u00e0 recenser les infrastructures routi\u00e8res dangereuses et notamment les dos d\u2019\u00e2ne, plateaux et coussins berlinois non conformes. &nbsp;Il suffit de prendre une photo et de joindre l\u2019adresse ou la localisation des points noirs et de &#8230;<\/p>\n","protected":false},"author":2,"featured_media":0,"parent":0,"menu_order":0,"comment_status":"closed","ping_status":"closed","template":"","meta":{"inline_featured_image":false,"cybocfi_hide_featured_image":"","footnotes":""},"class_list":["post-5332","page","type-page","status-publish","hentry","column","twocol"],"yoast_head":"<!-- This site is optimized with the Yoast SEO plugin v27.3 - https:\/\/yoast.com\/product\/yoast-seo-wordpress\/ -->\n<title>Carte des Points Noirs - FFMC76<\/title>\n<meta name=\"robots\" content=\"index, follow, max-snippet:-1, max-image-preview:large, max-video-preview:-1\" \/>\n<link rel=\"canonical\" href=\"https:\/\/ffmc76.fr\/index.php\/carte-des-points-noirs\/\" \/>\n<meta property=\"og:locale\" content=\"fr_FR\" \/>\n<meta property=\"og:type\" content=\"article\" \/>\n<meta property=\"og:title\" content=\"Carte des Points Noirs - FFMC76\" \/>\n<meta property=\"og:description\" content=\"[huge_it_maps id=\u00a0\u00bb4&Prime;] Rep\u00e9rage des infrastructures dangereuses Nous sollicitons tous les motards afin de nous aider \u00e0 recenser les infrastructures routi\u00e8res dangereuses et &#8230;\" \/>\n<meta property=\"og:url\" content=\"https:\/\/ffmc76.fr\/index.php\/carte-des-points-noirs\/\" \/>\n<meta property=\"og:site_name\" content=\"FFMC76\" \/>\n<meta property=\"article:publisher\" content=\"https:\/\/www.facebook.com\/FFMC76\" \/>\n<meta property=\"article:modified_time\" content=\"2017-03-25T07:29:55+00:00\" \/>\n<meta property=\"og:image\" content=\"http:\/\/ffmc76.fr\/wp-content\/uploads\/2017\/02\/6507009_1-0-935424505_1000x625-300x188.jpg\" \/>\n<meta name=\"twitter:card\" content=\"summary_large_image\" \/>\n<script type=\"application\/ld+json\" class=\"yoast-schema-graph\">{\"@context\":\"https:\\\/\\\/schema.org\",\"@graph\":[{\"@type\":\"WebPage\",\"@id\":\"https:\\\/\\\/ffmc76.fr\\\/index.php\\\/carte-des-points-noirs\\\/\",\"url\":\"https:\\\/\\\/ffmc76.fr\\\/index.php\\\/carte-des-points-noirs\\\/\",\"name\":\"Carte des Points Noirs - FFMC76\",\"isPartOf\":{\"@id\":\"https:\\\/\\\/ffmc76.fr\\\/#website\"},\"primaryImageOfPage\":{\"@id\":\"https:\\\/\\\/ffmc76.fr\\\/index.php\\\/carte-des-points-noirs\\\/#primaryimage\"},\"image\":{\"@id\":\"https:\\\/\\\/ffmc76.fr\\\/index.php\\\/carte-des-points-noirs\\\/#primaryimage\"},\"thumbnailUrl\":\"http:\\\/\\\/ffmc76.fr\\\/wp-content\\\/uploads\\\/2017\\\/02\\\/6507009_1-0-935424505_1000x625-300x188.jpg\",\"datePublished\":\"2017-03-25T07:17:15+00:00\",\"dateModified\":\"2017-03-25T07:29:55+00:00\",\"breadcrumb\":{\"@id\":\"https:\\\/\\\/ffmc76.fr\\\/index.php\\\/carte-des-points-noirs\\\/#breadcrumb\"},\"inLanguage\":\"fr-FR\",\"potentialAction\":[{\"@type\":\"ReadAction\",\"target\":[\"https:\\\/\\\/ffmc76.fr\\\/index.php\\\/carte-des-points-noirs\\\/\"]}]},{\"@type\":\"ImageObject\",\"inLanguage\":\"fr-FR\",\"@id\":\"https:\\\/\\\/ffmc76.fr\\\/index.php\\\/carte-des-points-noirs\\\/#primaryimage\",\"url\":\"http:\\\/\\\/ffmc76.fr\\\/wp-content\\\/uploads\\\/2017\\\/02\\\/6507009_1-0-935424505_1000x625-300x188.jpg\",\"contentUrl\":\"http:\\\/\\\/ffmc76.fr\\\/wp-content\\\/uploads\\\/2017\\\/02\\\/6507009_1-0-935424505_1000x625-300x188.jpg\"},{\"@type\":\"BreadcrumbList\",\"@id\":\"https:\\\/\\\/ffmc76.fr\\\/index.php\\\/carte-des-points-noirs\\\/#breadcrumb\",\"itemListElement\":[{\"@type\":\"ListItem\",\"position\":1,\"name\":\"Accueil\",\"item\":\"https:\\\/\\\/ffmc76.fr\\\/\"},{\"@type\":\"ListItem\",\"position\":2,\"name\":\"Carte des Points Noirs\"}]},{\"@type\":\"WebSite\",\"@id\":\"https:\\\/\\\/ffmc76.fr\\\/#website\",\"url\":\"https:\\\/\\\/ffmc76.fr\\\/\",\"name\":\"FFMC76\",\"description\":\"F\u00e9d\u00e9ration Fran\u00e7aise des Motards en Col\u00e8re, antenne de Seine-Maritime\",\"publisher\":{\"@id\":\"https:\\\/\\\/ffmc76.fr\\\/#organization\"},\"potentialAction\":[{\"@type\":\"SearchAction\",\"target\":{\"@type\":\"EntryPoint\",\"urlTemplate\":\"https:\\\/\\\/ffmc76.fr\\\/?s={search_term_string}\"},\"query-input\":{\"@type\":\"PropertyValueSpecification\",\"valueRequired\":true,\"valueName\":\"search_term_string\"}}],\"inLanguage\":\"fr-FR\"},{\"@type\":\"Organization\",\"@id\":\"https:\\\/\\\/ffmc76.fr\\\/#organization\",\"name\":\"FFMC76\",\"url\":\"https:\\\/\\\/ffmc76.fr\\\/\",\"logo\":{\"@type\":\"ImageObject\",\"inLanguage\":\"fr-FR\",\"@id\":\"https:\\\/\\\/ffmc76.fr\\\/#\\\/schema\\\/logo\\\/image\\\/\",\"url\":\"https:\\\/\\\/ffmc76.fr\\\/wp-content\\\/uploads\\\/2023\\\/01\\\/logo_boxeur-76.png\",\"contentUrl\":\"https:\\\/\\\/ffmc76.fr\\\/wp-content\\\/uploads\\\/2023\\\/01\\\/logo_boxeur-76.png\",\"width\":545,\"height\":712,\"caption\":\"FFMC76\"},\"image\":{\"@id\":\"https:\\\/\\\/ffmc76.fr\\\/#\\\/schema\\\/logo\\\/image\\\/\"},\"sameAs\":[\"https:\\\/\\\/www.facebook.com\\\/FFMC76\"]}]}<\/script>\n<!-- \/ Yoast SEO plugin. -->","yoast_head_json":{"title":"Carte des Points Noirs - FFMC76","robots":{"index":"index","follow":"follow","max-snippet":"max-snippet:-1","max-image-preview":"max-image-preview:large","max-video-preview":"max-video-preview:-1"},"canonical":"https:\/\/ffmc76.fr\/index.php\/carte-des-points-noirs\/","og_locale":"fr_FR","og_type":"article","og_title":"Carte des Points Noirs - FFMC76","og_description":"[huge_it_maps id=\u00a0\u00bb4&Prime;] Rep\u00e9rage des infrastructures dangereuses Nous sollicitons tous les motards afin de nous aider \u00e0 recenser les infrastructures routi\u00e8res dangereuses et &#8230;","og_url":"https:\/\/ffmc76.fr\/index.php\/carte-des-points-noirs\/","og_site_name":"FFMC76","article_publisher":"https:\/\/www.facebook.com\/FFMC76","article_modified_time":"2017-03-25T07:29:55+00:00","og_image":[{"url":"http:\/\/ffmc76.fr\/wp-content\/uploads\/2017\/02\/6507009_1-0-935424505_1000x625-300x188.jpg","type":"","width":"","height":""}],"twitter_card":"summary_large_image","schema":{"@context":"https:\/\/schema.org","@graph":[{"@type":"WebPage","@id":"https:\/\/ffmc76.fr\/index.php\/carte-des-points-noirs\/","url":"https:\/\/ffmc76.fr\/index.php\/carte-des-points-noirs\/","name":"Carte des Points Noirs - FFMC76","isPartOf":{"@id":"https:\/\/ffmc76.fr\/#website"},"primaryImageOfPage":{"@id":"https:\/\/ffmc76.fr\/index.php\/carte-des-points-noirs\/#primaryimage"},"image":{"@id":"https:\/\/ffmc76.fr\/index.php\/carte-des-points-noirs\/#primaryimage"},"thumbnailUrl":"http:\/\/ffmc76.fr\/wp-content\/uploads\/2017\/02\/6507009_1-0-935424505_1000x625-300x188.jpg","datePublished":"2017-03-25T07:17:15+00:00","dateModified":"2017-03-25T07:29:55+00:00","breadcrumb":{"@id":"https:\/\/ffmc76.fr\/index.php\/carte-des-points-noirs\/#breadcrumb"},"inLanguage":"fr-FR","potentialAction":[{"@type":"ReadAction","target":["https:\/\/ffmc76.fr\/index.php\/carte-des-points-noirs\/"]}]},{"@type":"ImageObject","inLanguage":"fr-FR","@id":"https:\/\/ffmc76.fr\/index.php\/carte-des-points-noirs\/#primaryimage","url":"http:\/\/ffmc76.fr\/wp-content\/uploads\/2017\/02\/6507009_1-0-935424505_1000x625-300x188.jpg","contentUrl":"http:\/\/ffmc76.fr\/wp-content\/uploads\/2017\/02\/6507009_1-0-935424505_1000x625-300x188.jpg"},{"@type":"BreadcrumbList","@id":"https:\/\/ffmc76.fr\/index.php\/carte-des-points-noirs\/#breadcrumb","itemListElement":[{"@type":"ListItem","position":1,"name":"Accueil","item":"https:\/\/ffmc76.fr\/"},{"@type":"ListItem","position":2,"name":"Carte des Points Noirs"}]},{"@type":"WebSite","@id":"https:\/\/ffmc76.fr\/#website","url":"https:\/\/ffmc76.fr\/","name":"FFMC76","description":"F\u00e9d\u00e9ration Fran\u00e7aise des Motards en Col\u00e8re, antenne de Seine-Maritime","publisher":{"@id":"https:\/\/ffmc76.fr\/#organization"},"potentialAction":[{"@type":"SearchAction","target":{"@type":"EntryPoint","urlTemplate":"https:\/\/ffmc76.fr\/?s={search_term_string}"},"query-input":{"@type":"PropertyValueSpecification","valueRequired":true,"valueName":"search_term_string"}}],"inLanguage":"fr-FR"},{"@type":"Organization","@id":"https:\/\/ffmc76.fr\/#organization","name":"FFMC76","url":"https:\/\/ffmc76.fr\/","logo":{"@type":"ImageObject","inLanguage":"fr-FR","@id":"https:\/\/ffmc76.fr\/#\/schema\/logo\/image\/","url":"https:\/\/ffmc76.fr\/wp-content\/uploads\/2023\/01\/logo_boxeur-76.png","contentUrl":"https:\/\/ffmc76.fr\/wp-content\/uploads\/2023\/01\/logo_boxeur-76.png","width":545,"height":712,"caption":"FFMC76"},"image":{"@id":"https:\/\/ffmc76.fr\/#\/schema\/logo\/image\/"},"sameAs":["https:\/\/www.facebook.com\/FFMC76"]}]}},"_links":{"self":[{"href":"https:\/\/ffmc76.fr\/index.php\/wp-json\/wp\/v2\/pages\/5332","targetHints":{"allow":["GET"]}}],"collection":[{"href":"https:\/\/ffmc76.fr\/index.php\/wp-json\/wp\/v2\/pages"}],"about":[{"href":"https:\/\/ffmc76.fr\/index.php\/wp-json\/wp\/v2\/types\/page"}],"author":[{"embeddable":true,"href":"https:\/\/ffmc76.fr\/index.php\/wp-json\/wp\/v2\/users\/2"}],"replies":[{"embeddable":true,"href":"https:\/\/ffmc76.fr\/index.php\/wp-json\/wp\/v2\/comments?post=5332"}],"version-history":[{"count":11,"href":"https:\/\/ffmc76.fr\/index.php\/wp-json\/wp\/v2\/pages\/5332\/revisions"}],"predecessor-version":[{"id":5338,"href":"https:\/\/ffmc76.fr\/index.php\/wp-json\/wp\/v2\/pages\/5332\/revisions\/5338"}],"wp:attachment":[{"href":"https:\/\/ffmc76.fr\/index.php\/wp-json\/wp\/v2\/media?parent=5332"}],"curies":[{"name":"wp","href":"https:\/\/api.w.org\/{rel}","templated":true}]}}