{"id":74,"date":"2017-02-02T16:16:10","date_gmt":"2017-02-02T15:16:10","guid":{"rendered":"http:\/\/ffmc76.fr\/?page_id=74"},"modified":"2026-02-09T15:30:07","modified_gmt":"2026-02-09T14:30:07","slug":"qui-sommes-nous","status":"publish","type":"page","link":"https:\/\/ffmc76.fr\/index.php\/a-propos-de\/qui-sommes-nous\/","title":{"rendered":"Qui sommes nous"},"content":{"rendered":"<header id=\"main-content-header\" class=\"clearfix\">\n<h1 id=\"page-title\"><strong>Le bureau FFMC76 mill\u00e9sime 2026<\/strong><\/h1>\n<\/header>\n<div id=\"content\">\n<div id=\"block-system-main\" class=\"block block-system no-title odd first last block-count-6 block-region-content block-main\">\n<article id=\"node-47\" class=\"node node-page article odd node-full clearfix\">\n<div class=\"node-content\">\n<div class=\"field field-name-body field-type-text-with-summary field-label-hidden view-mode-full\">\n<div class=\"field-items\">\n<div class=\"field-item even\">\n<div class=\"x11i5rnm xat24cr x1mh8g0r x1vvkbs xtlvy1s x126k92a\">\u00a0<\/div>\n<div dir=\"auto\">\n<ul class=\"wp-block-list\">\n<li><strong>Fred<\/strong> \u2013 coordinateur, repr\u00e9sentant FFMC76, CDR, CDRS, infrastructures, PDASR, Motard d\u2019un jour, Motard Vigie, relations ext\u00e9rieures<\/li>\n<li><strong>Xavier<\/strong> \u2013 cocoordinateur, organisation des balades, communication, ERJ, Jumbo Run, logistique, projet piste, s\u00e9curit\u00e9 SO<\/li>\n<li><strong>Lydie<\/strong> \u2013 Tr\u00e9sori\u00e8re, adh\u00e9sions, logistique, gestion boutique<\/li>\n<li><strong>Ludo<\/strong> \u2013 Secr\u00e9taire, adh\u00e9sions, AFDM, communication, projet piste, site internet<\/li>\n<li><strong>Arno<\/strong> \u2013 Organisation, balades, ERJ, infrastructures, PDASR, site<\/li>\n<li><strong>Hugues<\/strong> \u2013 AFDM, projet piste<\/li>\n<li><strong>Thierry<\/strong> \u2013 Communication, s\u00e9curit\u00e9 SO<\/li>\n<li><strong>Hubert<\/strong> \u2013 #TagTaRoute, organisation balades, Jumbo Run, s\u00e9curit\u00e9 SO<\/li>\n<li><strong>Roland<\/strong> \u2013 R\u00e9f\u00e9rent Le Havre<\/li>\n<li><strong>Lionel<\/strong> \u2013 R\u00e9f\u00e9rent Le Havre, ERJ<\/li>\n<li><strong>C\u00e9dric<\/strong> \u2013 Organisation balades, ERJ, s\u00e9curit\u00e9 SO<\/li>\n<li><strong>Philsen<\/strong> \u2013 CDR, communication, #TagTaRoute, Motard Vigie, relations ext\u00e9rieures, s\u00e9curit\u00e9 SO<\/li>\n<\/ul>\n<\/div>\n<\/div>\n<\/div>\n<\/div>\n<\/div>\n<\/article>\n<\/div>\n<\/div>\n\n\n<figure class=\"wp-block-image size-large\"><img loading=\"lazy\" decoding=\"async\" width=\"1024\" height=\"550\" src=\"https:\/\/ffmc76.fr\/wp-content\/uploads\/2026\/01\/20260124_161153-1024x550.jpg\" alt=\"\" class=\"wp-image-11180\" srcset=\"https:\/\/ffmc76.fr\/wp-content\/uploads\/2026\/01\/20260124_161153-1024x550.jpg 1024w, https:\/\/ffmc76.fr\/wp-content\/uploads\/2026\/01\/20260124_161153-300x161.jpg 300w, https:\/\/ffmc76.fr\/wp-content\/uploads\/2026\/01\/20260124_161153-768x412.jpg 768w, https:\/\/ffmc76.fr\/wp-content\/uploads\/2026\/01\/20260124_161153-1536x824.jpg 1536w, https:\/\/ffmc76.fr\/wp-content\/uploads\/2026\/01\/20260124_161153-700x376.jpg 700w, https:\/\/ffmc76.fr\/wp-content\/uploads\/2026\/01\/20260124_161153.jpg 1975w\" sizes=\"auto, (max-width: 1024px) 100vw, 1024px\" \/><\/figure>\n","protected":false},"excerpt":{"rendered":"<p>Le bureau FFMC76 mill\u00e9sime 2026 \u00a0 Fred \u2013 coordinateur, repr\u00e9sentant FFMC76, CDR, CDRS, infrastructures, PDASR, Motard d\u2019un jour, Motard Vigie, relations ext\u00e9rieures Xavier \u2013 cocoordinateur, organisation des balades, communication, ERJ, Jumbo Run, logistique, projet piste, s\u00e9curit\u00e9 SO Lydie \u2013 Tr\u00e9sori\u00e8re, adh\u00e9sions, logistique, gestion boutique Ludo \u2013 Secr\u00e9taire, adh\u00e9sions, AFDM, communication, &#8230;<\/p>\n","protected":false},"author":19,"featured_media":0,"parent":17,"menu_order":0,"comment_status":"closed","ping_status":"closed","template":"","meta":{"inline_featured_image":false,"cybocfi_hide_featured_image":"","footnotes":""},"class_list":["post-74","page","type-page","status-publish","hentry","column","twocol"],"yoast_head":"<!-- This site is optimized with the Yoast SEO plugin v27.2 - https:\/\/yoast.com\/product\/yoast-seo-wordpress\/ -->\n<title>Qui sommes nous - FFMC76<\/title>\n<meta name=\"robots\" content=\"index, follow, max-snippet:-1, max-image-preview:large, max-video-preview:-1\" \/>\n<link rel=\"canonical\" href=\"https:\/\/ffmc76.fr\/index.php\/a-propos-de\/qui-sommes-nous\/\" \/>\n<meta property=\"og:locale\" content=\"fr_FR\" \/>\n<meta property=\"og:type\" content=\"article\" \/>\n<meta property=\"og:title\" content=\"Qui sommes nous - FFMC76\" \/>\n<meta property=\"og:description\" content=\"Le bureau FFMC76 mill\u00e9sime 2026 \u00a0 Fred \u2013 coordinateur, repr\u00e9sentant FFMC76, CDR, CDRS, infrastructures, PDASR, Motard d\u2019un jour, Motard Vigie, relations ext\u00e9rieures &#8230;\" \/>\n<meta property=\"og:url\" content=\"https:\/\/ffmc76.fr\/index.php\/a-propos-de\/qui-sommes-nous\/\" \/>\n<meta property=\"og:site_name\" content=\"FFMC76\" \/>\n<meta property=\"article:publisher\" content=\"https:\/\/www.facebook.com\/FFMC76\" \/>\n<meta property=\"article:modified_time\" content=\"2026-02-09T14:30:07+00:00\" \/>\n<meta property=\"og:image\" content=\"https:\/\/ffmc76.fr\/wp-content\/uploads\/2026\/01\/20260124_161153.jpg\" \/>\n\t<meta property=\"og:image:width\" content=\"1975\" \/>\n\t<meta property=\"og:image:height\" content=\"1060\" \/>\n\t<meta property=\"og:image:type\" content=\"image\/jpeg\" \/>\n<meta name=\"twitter:card\" content=\"summary_large_image\" \/>\n<meta name=\"twitter:label1\" content=\"Dur\u00e9e de lecture estim\u00e9e\" \/>\n\t<meta name=\"twitter:data1\" content=\"1 minute\" \/>\n<script type=\"application\/ld+json\" class=\"yoast-schema-graph\">{\"@context\":\"https:\/\/schema.org\",\"@graph\":[{\"@type\":\"WebPage\",\"@id\":\"https:\/\/ffmc76.fr\/index.php\/a-propos-de\/qui-sommes-nous\/\",\"url\":\"https:\/\/ffmc76.fr\/index.php\/a-propos-de\/qui-sommes-nous\/\",\"name\":\"Qui sommes nous - FFMC76\",\"isPartOf\":{\"@id\":\"https:\/\/ffmc76.fr\/#website\"},\"primaryImageOfPage\":{\"@id\":\"https:\/\/ffmc76.fr\/index.php\/a-propos-de\/qui-sommes-nous\/#primaryimage\"},\"image\":{\"@id\":\"https:\/\/ffmc76.fr\/index.php\/a-propos-de\/qui-sommes-nous\/#primaryimage\"},\"thumbnailUrl\":\"https:\/\/ffmc76.fr\/wp-content\/uploads\/2026\/01\/20260124_161153-1024x550.jpg\",\"datePublished\":\"2017-02-02T15:16:10+00:00\",\"dateModified\":\"2026-02-09T14:30:07+00:00\",\"breadcrumb\":{\"@id\":\"https:\/\/ffmc76.fr\/index.php\/a-propos-de\/qui-sommes-nous\/#breadcrumb\"},\"inLanguage\":\"fr-FR\",\"potentialAction\":[{\"@type\":\"ReadAction\",\"target\":[\"https:\/\/ffmc76.fr\/index.php\/a-propos-de\/qui-sommes-nous\/\"]}]},{\"@type\":\"ImageObject\",\"inLanguage\":\"fr-FR\",\"@id\":\"https:\/\/ffmc76.fr\/index.php\/a-propos-de\/qui-sommes-nous\/#primaryimage\",\"url\":\"https:\/\/ffmc76.fr\/wp-content\/uploads\/2026\/01\/20260124_161153.jpg\",\"contentUrl\":\"https:\/\/ffmc76.fr\/wp-content\/uploads\/2026\/01\/20260124_161153.jpg\",\"width\":1975,\"height\":1060},{\"@type\":\"BreadcrumbList\",\"@id\":\"https:\/\/ffmc76.fr\/index.php\/a-propos-de\/qui-sommes-nous\/#breadcrumb\",\"itemListElement\":[{\"@type\":\"ListItem\",\"position\":1,\"name\":\"Accueil\",\"item\":\"https:\/\/ffmc76.fr\/\"},{\"@type\":\"ListItem\",\"position\":2,\"name\":\"Information\",\"item\":\"https:\/\/ffmc76.fr\/index.php\/a-propos-de\/\"},{\"@type\":\"ListItem\",\"position\":3,\"name\":\"Qui sommes nous\"}]},{\"@type\":\"WebSite\",\"@id\":\"https:\/\/ffmc76.fr\/#website\",\"url\":\"https:\/\/ffmc76.fr\/\",\"name\":\"FFMC76\",\"description\":\"F\u00e9d\u00e9ration Fran\u00e7aise des Motards en Col\u00e8re, antenne de Seine-Maritime\",\"publisher\":{\"@id\":\"https:\/\/ffmc76.fr\/#organization\"},\"potentialAction\":[{\"@type\":\"SearchAction\",\"target\":{\"@type\":\"EntryPoint\",\"urlTemplate\":\"https:\/\/ffmc76.fr\/?s={search_term_string}\"},\"query-input\":{\"@type\":\"PropertyValueSpecification\",\"valueRequired\":true,\"valueName\":\"search_term_string\"}}],\"inLanguage\":\"fr-FR\"},{\"@type\":\"Organization\",\"@id\":\"https:\/\/ffmc76.fr\/#organization\",\"name\":\"FFMC76\",\"url\":\"https:\/\/ffmc76.fr\/\",\"logo\":{\"@type\":\"ImageObject\",\"inLanguage\":\"fr-FR\",\"@id\":\"https:\/\/ffmc76.fr\/#\/schema\/logo\/image\/\",\"url\":\"https:\/\/ffmc76.fr\/wp-content\/uploads\/2023\/01\/logo_boxeur-76.png\",\"contentUrl\":\"https:\/\/ffmc76.fr\/wp-content\/uploads\/2023\/01\/logo_boxeur-76.png\",\"width\":545,\"height\":712,\"caption\":\"FFMC76\"},\"image\":{\"@id\":\"https:\/\/ffmc76.fr\/#\/schema\/logo\/image\/\"},\"sameAs\":[\"https:\/\/www.facebook.com\/FFMC76\"]}]}<\/script>\n<!-- \/ Yoast SEO plugin. -->","yoast_head_json":{"title":"Qui sommes nous - FFMC76","robots":{"index":"index","follow":"follow","max-snippet":"max-snippet:-1","max-image-preview":"max-image-preview:large","max-video-preview":"max-video-preview:-1"},"canonical":"https:\/\/ffmc76.fr\/index.php\/a-propos-de\/qui-sommes-nous\/","og_locale":"fr_FR","og_type":"article","og_title":"Qui sommes nous - FFMC76","og_description":"Le bureau FFMC76 mill\u00e9sime 2026 \u00a0 Fred \u2013 coordinateur, repr\u00e9sentant FFMC76, CDR, CDRS, infrastructures, PDASR, Motard d\u2019un jour, Motard Vigie, relations ext\u00e9rieures &#8230;","og_url":"https:\/\/ffmc76.fr\/index.php\/a-propos-de\/qui-sommes-nous\/","og_site_name":"FFMC76","article_publisher":"https:\/\/www.facebook.com\/FFMC76","article_modified_time":"2026-02-09T14:30:07+00:00","og_image":[{"width":1975,"height":1060,"url":"https:\/\/ffmc76.fr\/wp-content\/uploads\/2026\/01\/20260124_161153.jpg","type":"image\/jpeg"}],"twitter_card":"summary_large_image","twitter_misc":{"Dur\u00e9e de lecture estim\u00e9e":"1 minute"},"schema":{"@context":"https:\/\/schema.org","@graph":[{"@type":"WebPage","@id":"https:\/\/ffmc76.fr\/index.php\/a-propos-de\/qui-sommes-nous\/","url":"https:\/\/ffmc76.fr\/index.php\/a-propos-de\/qui-sommes-nous\/","name":"Qui sommes nous - FFMC76","isPartOf":{"@id":"https:\/\/ffmc76.fr\/#website"},"primaryImageOfPage":{"@id":"https:\/\/ffmc76.fr\/index.php\/a-propos-de\/qui-sommes-nous\/#primaryimage"},"image":{"@id":"https:\/\/ffmc76.fr\/index.php\/a-propos-de\/qui-sommes-nous\/#primaryimage"},"thumbnailUrl":"https:\/\/ffmc76.fr\/wp-content\/uploads\/2026\/01\/20260124_161153-1024x550.jpg","datePublished":"2017-02-02T15:16:10+00:00","dateModified":"2026-02-09T14:30:07+00:00","breadcrumb":{"@id":"https:\/\/ffmc76.fr\/index.php\/a-propos-de\/qui-sommes-nous\/#breadcrumb"},"inLanguage":"fr-FR","potentialAction":[{"@type":"ReadAction","target":["https:\/\/ffmc76.fr\/index.php\/a-propos-de\/qui-sommes-nous\/"]}]},{"@type":"ImageObject","inLanguage":"fr-FR","@id":"https:\/\/ffmc76.fr\/index.php\/a-propos-de\/qui-sommes-nous\/#primaryimage","url":"https:\/\/ffmc76.fr\/wp-content\/uploads\/2026\/01\/20260124_161153.jpg","contentUrl":"https:\/\/ffmc76.fr\/wp-content\/uploads\/2026\/01\/20260124_161153.jpg","width":1975,"height":1060},{"@type":"BreadcrumbList","@id":"https:\/\/ffmc76.fr\/index.php\/a-propos-de\/qui-sommes-nous\/#breadcrumb","itemListElement":[{"@type":"ListItem","position":1,"name":"Accueil","item":"https:\/\/ffmc76.fr\/"},{"@type":"ListItem","position":2,"name":"Information","item":"https:\/\/ffmc76.fr\/index.php\/a-propos-de\/"},{"@type":"ListItem","position":3,"name":"Qui sommes nous"}]},{"@type":"WebSite","@id":"https:\/\/ffmc76.fr\/#website","url":"https:\/\/ffmc76.fr\/","name":"FFMC76","description":"F\u00e9d\u00e9ration Fran\u00e7aise des Motards en Col\u00e8re, antenne de Seine-Maritime","publisher":{"@id":"https:\/\/ffmc76.fr\/#organization"},"potentialAction":[{"@type":"SearchAction","target":{"@type":"EntryPoint","urlTemplate":"https:\/\/ffmc76.fr\/?s={search_term_string}"},"query-input":{"@type":"PropertyValueSpecification","valueRequired":true,"valueName":"search_term_string"}}],"inLanguage":"fr-FR"},{"@type":"Organization","@id":"https:\/\/ffmc76.fr\/#organization","name":"FFMC76","url":"https:\/\/ffmc76.fr\/","logo":{"@type":"ImageObject","inLanguage":"fr-FR","@id":"https:\/\/ffmc76.fr\/#\/schema\/logo\/image\/","url":"https:\/\/ffmc76.fr\/wp-content\/uploads\/2023\/01\/logo_boxeur-76.png","contentUrl":"https:\/\/ffmc76.fr\/wp-content\/uploads\/2023\/01\/logo_boxeur-76.png","width":545,"height":712,"caption":"FFMC76"},"image":{"@id":"https:\/\/ffmc76.fr\/#\/schema\/logo\/image\/"},"sameAs":["https:\/\/www.facebook.com\/FFMC76"]}]}},"_links":{"self":[{"href":"https:\/\/ffmc76.fr\/index.php\/wp-json\/wp\/v2\/pages\/74","targetHints":{"allow":["GET"]}}],"collection":[{"href":"https:\/\/ffmc76.fr\/index.php\/wp-json\/wp\/v2\/pages"}],"about":[{"href":"https:\/\/ffmc76.fr\/index.php\/wp-json\/wp\/v2\/types\/page"}],"author":[{"embeddable":true,"href":"https:\/\/ffmc76.fr\/index.php\/wp-json\/wp\/v2\/users\/19"}],"replies":[{"embeddable":true,"href":"https:\/\/ffmc76.fr\/index.php\/wp-json\/wp\/v2\/comments?post=74"}],"version-history":[{"count":15,"href":"https:\/\/ffmc76.fr\/index.php\/wp-json\/wp\/v2\/pages\/74\/revisions"}],"predecessor-version":[{"id":11332,"href":"https:\/\/ffmc76.fr\/index.php\/wp-json\/wp\/v2\/pages\/74\/revisions\/11332"}],"up":[{"embeddable":true,"href":"https:\/\/ffmc76.fr\/index.php\/wp-json\/wp\/v2\/pages\/17"}],"wp:attachment":[{"href":"https:\/\/ffmc76.fr\/index.php\/wp-json\/wp\/v2\/media?parent=74"}],"curies":[{"name":"wp","href":"https:\/\/api.w.org\/{rel}","templated":true}]}}